{"id":10664,"date":"2021-11-09T22:08:45","date_gmt":"2021-11-09T21:08:45","guid":{"rendered":"https:\/\/zapiplay.com\/?page_id=10664"},"modified":"2023-03-24T13:28:07","modified_gmt":"2023-03-24T12:28:07","slug":"contratar-plan-esencial-marketing-diseno-ilimitado","status":"publish","type":"page","link":"https:\/\/zapiplay.com\/en\/hire-plan-essential-marketing-plan-unlimited\/","title":{"rendered":"Contract Essential Plan - Unlimited Marketing and Design"},"content":{"rendered":"<div data-elementor-type=\"wp-page\" data-elementor-id=\"10664\" class=\"elementor elementor-10664\">\n\t\t\t\t\t\t\t\t\t<section data-particle_enable=\"false\" data-particle-mobile-disabled=\"false\" class=\"elementor-section elementor-top-section elementor-element elementor-element-18e9ecb elementor-reverse-mobile elementor-section-boxed elementor-section-height-default elementor-section-height-default\" data-id=\"18e9ecb\" data-element_type=\"section\" data-settings=\"{&quot;background_background&quot;:&quot;classic&quot;}\">\n\t\t\t\t\t\t<div class=\"elementor-container elementor-column-gap-default\">\n\t\t\t\t\t<div class=\"elementor-column elementor-col-100 elementor-top-column elementor-element elementor-element-c87166d\" data-id=\"c87166d\" data-element_type=\"column\" data-settings=\"{&quot;background_background&quot;:&quot;classic&quot;}\">\n\t\t\t<div class=\"elementor-widget-wrap elementor-element-populated\">\n\t\t\t\t\t\t\t\t<div class=\"elementor-element elementor-element-f98f965 elementor-widget elementor-widget-heading\" data-id=\"f98f965\" data-element_type=\"widget\" data-widget_type=\"heading.default\">\n\t\t\t\t<div class=\"elementor-widget-container\">\n\t\t\t<h2 class=\"elementor-heading-title elementor-size-default\">Choose your billing cycle <\/h2>\t\t<\/div>\n\t\t\t\t<\/div>\n\t\t\t\t<section data-particle_enable=\"false\" data-particle-mobile-disabled=\"false\" class=\"elementor-section elementor-inner-section elementor-element elementor-element-ee4bfdb elementor-section-boxed elementor-section-height-default elementor-section-height-default\" data-id=\"ee4bfdb\" data-element_type=\"section\">\n\t\t\t\t\t\t<div class=\"elementor-container elementor-column-gap-default\">\n\t\t\t\t\t<div class=\"elementor-column elementor-col-100 elementor-inner-column elementor-element elementor-element-939f330\" data-id=\"939f330\" data-element_type=\"column\">\n\t\t\t<div class=\"elementor-widget-wrap elementor-element-populated\">\n\t\t\t\t\t\t\t\t<div class=\"elementor-element elementor-element-3a168e8 elementor-headline--style-highlight elementor-widget elementor-widget-animated-headline\" data-id=\"3a168e8\" data-element_type=\"widget\" data-settings=\"{&quot;marker&quot;:&quot;underline&quot;,&quot;highlighted_text&quot;:&quot;Esencial (Marketing y Dise\\u00f1o ilimitado)&quot;,&quot;headline_style&quot;:&quot;highlight&quot;,&quot;highlight_animation_duration&quot;:1200}\" data-widget_type=\"animated-headline.default\">\n\t\t\t\t<div class=\"elementor-widget-container\">\n\t\t\t\t\t<h3 class=\"elementor-headline\">\n\t\t\t\t\t<span class=\"elementor-headline-plain-text elementor-headline-text-wrapper\">Selected plan:<\/span>\n\t\t\t\t<span class=\"elementor-headline-dynamic-wrapper elementor-headline-text-wrapper\">\n\t\t\t\t\t<span class=\"elementor-headline-dynamic-text elementor-headline-text-active\">Essential (Marketing and Design unlimited)<\/span>\n\t\t\t\t<\/span>\n\t\t\t\t<\/h3>\n\t\t\t\t<\/div>\n\t\t\t\t<\/div>\n\t\t\t\t\t<\/div>\n\t\t<\/div>\n\t\t\t\t\t\t\t<\/div>\n\t\t<\/section>\n\t\t\t\t<section data-particle_enable=\"false\" data-particle-mobile-disabled=\"false\" class=\"elementor-section elementor-inner-section elementor-element elementor-element-aaf0460 elementor-section-boxed elementor-section-height-default elementor-section-height-default\" data-id=\"aaf0460\" data-element_type=\"section\">\n\t\t\t\t\t\t<div class=\"elementor-container elementor-column-gap-default\">\n\t\t\t\t\t<div class=\"elementor-column elementor-col-33 elementor-inner-column elementor-element elementor-element-570ced8\" data-id=\"570ced8\" data-element_type=\"column\">\n\t\t\t<div class=\"elementor-widget-wrap elementor-element-populated\">\n\t\t\t\t\t\t\t\t<div class=\"elementor-element elementor-element-cff0d26 elementor-align-center elementor-icon-list--layout-traditional elementor-list-item-link-full_width elementor-widget elementor-widget-icon-list\" data-id=\"cff0d26\" data-element_type=\"widget\" data-widget_type=\"icon-list.default\">\n\t\t\t\t<div class=\"elementor-widget-container\">\n\t\t\t\t\t<ul class=\"elementor-icon-list-items\">\n\t\t\t\t\t\t\t<li class=\"elementor-icon-list-item\">\n\t\t\t\t\t\t\t\t\t\t\t<span class=\"elementor-icon-list-icon\">\n\t\t\t\t\t\t\t<svg xmlns=\"http:\/\/www.w3.org\/2000\/svg\" width=\"22\" height=\"22\" viewbox=\"0 0 22 22\"><defs><style>.a{fill:none;stroke:#65be2e;stroke-linecap:round;stroke-linejoin:round;stroke-width:2px;}<\/style><\/defs><path class=\"a\" d=\"M11,21A10,10,0,1,0,1,11,10,10,0,0,0,11,21Z\"><\/path><path class=\"a\" d=\"M11,5v6l4,2\"><\/path><\/svg>\t\t\t\t\t\t<\/span>\n\t\t\t\t\t\t\t\t\t\t<span class=\"elementor-icon-list-text\">Without permanence<\/span>\n\t\t\t\t\t\t\t\t\t<\/li>\n\t\t\t\t\t\t<\/ul>\n\t\t\t\t<\/div>\n\t\t\t\t<\/div>\n\t\t\t\t\t<\/div>\n\t\t<\/div>\n\t\t\t\t<div class=\"elementor-column elementor-col-33 elementor-inner-column elementor-element elementor-element-807baa3\" data-id=\"807baa3\" data-element_type=\"column\">\n\t\t\t<div class=\"elementor-widget-wrap elementor-element-populated\">\n\t\t\t\t\t\t\t\t<div class=\"elementor-element elementor-element-68d1584 elementor-align-center elementor-icon-list--layout-traditional elementor-list-item-link-full_width elementor-widget elementor-widget-icon-list\" data-id=\"68d1584\" data-element_type=\"widget\" data-widget_type=\"icon-list.default\">\n\t\t\t\t<div class=\"elementor-widget-container\">\n\t\t\t\t\t<ul class=\"elementor-icon-list-items\">\n\t\t\t\t\t\t\t<li class=\"elementor-icon-list-item\">\n\t\t\t\t\t\t\t\t\t\t\t<span class=\"elementor-icon-list-icon\">\n\t\t\t\t\t\t\t<svg xmlns=\"http:\/\/www.w3.org\/2000\/svg\" width=\"14\" height=\"24\" viewbox=\"0 0 14 24\"><defs><style>.a{fill:none;stroke:#65be2e;stroke-linecap:round;stroke-linejoin:round;stroke-width:2px;}<\/style><\/defs><path class=\"a\" d=\"M7,1V23\"><\/path><path class=\"a\" d=\"M12,5H4.5a3.5,3.5,0,1,0,0,7h5a3.5,3.5,0,1,1,0,7H1\"><\/path><\/svg>\t\t\t\t\t\t<\/span>\n\t\t\t\t\t\t\t\t\t\t<span class=\"elementor-icon-list-text\">Monthly payment<\/span>\n\t\t\t\t\t\t\t\t\t<\/li>\n\t\t\t\t\t\t<\/ul>\n\t\t\t\t<\/div>\n\t\t\t\t<\/div>\n\t\t\t\t\t<\/div>\n\t\t<\/div>\n\t\t\t\t<div class=\"elementor-column elementor-col-33 elementor-inner-column elementor-element elementor-element-5933ff6\" data-id=\"5933ff6\" data-element_type=\"column\">\n\t\t\t<div class=\"elementor-widget-wrap elementor-element-populated\">\n\t\t\t\t\t\t\t\t<div class=\"elementor-element elementor-element-26d1cc2 elementor-align-center elementor-icon-list--layout-traditional elementor-list-item-link-full_width elementor-widget elementor-widget-icon-list\" data-id=\"26d1cc2\" data-element_type=\"widget\" data-widget_type=\"icon-list.default\">\n\t\t\t\t<div class=\"elementor-widget-container\">\n\t\t\t\t\t<ul class=\"elementor-icon-list-items\">\n\t\t\t\t\t\t\t<li class=\"elementor-icon-list-item\">\n\t\t\t\t\t\t\t\t\t\t\t<span class=\"elementor-icon-list-icon\">\n\t\t\t\t\t\t\t<svg xmlns=\"http:\/\/www.w3.org\/2000\/svg\" width=\"20\" height=\"20\" viewbox=\"0 0 20 20\"><defs><style>.a{fill:none;stroke:#65be2e;stroke-linecap:round;stroke-linejoin:round;stroke-width:2px;}<\/style><\/defs><path class=\"a\" d=\"M8,1H1V8H8Z\"><\/path><path class=\"a\" d=\"M19,1H12V8h7Z\"><\/path><path class=\"a\" d=\"M19,12H12v7h7Z\"><\/path><path class=\"a\" d=\"M8,12H1v7H8Z\"><\/path><\/svg>\t\t\t\t\t\t<\/span>\n\t\t\t\t\t\t\t\t\t\t<span class=\"elementor-icon-list-text\">All-inclusive<\/span>\n\t\t\t\t\t\t\t\t\t<\/li>\n\t\t\t\t\t\t<\/ul>\n\t\t\t\t<\/div>\n\t\t\t\t<\/div>\n\t\t\t\t\t<\/div>\n\t\t<\/div>\n\t\t\t\t\t\t\t<\/div>\n\t\t<\/section>\n\t\t\t\t\t<\/div>\n\t\t<\/div>\n\t\t\t\t\t\t\t<\/div>\n\t\t<\/section>\n\t\t\t\t<section data-particle_enable=\"false\" data-particle-mobile-disabled=\"false\" class=\"elementor-section elementor-top-section elementor-element elementor-element-083f2c5 elementor-section-boxed elementor-section-height-default elementor-section-height-default\" data-id=\"083f2c5\" data-element_type=\"section\" data-settings=\"{&quot;background_background&quot;:&quot;classic&quot;}\">\n\t\t\t\t\t\t<div class=\"elementor-container elementor-column-gap-default\">\n\t\t\t\t\t<div class=\"elementor-column elementor-col-50 elementor-top-column elementor-element elementor-element-30b9777\" data-id=\"30b9777\" data-element_type=\"column\">\n\t\t\t<div class=\"elementor-widget-wrap elementor-element-populated\">\n\t\t\t\t\t\t\t\t<div class=\"elementor-element elementor-element-1a19984 bdt-pt-overflow-hidden--yes bdt-price-table-divider--yes elementor-widget elementor-widget-bdt-price-table\" data-id=\"1a19984\" data-element_type=\"widget\" data-settings=\"{&quot;features_hide_on&quot;:[&quot;desktop&quot;,&quot;tablet&quot;,&quot;mobile&quot;]}\" data-widget_type=\"bdt-price-table.default\">\n\t\t\t\t<div class=\"elementor-widget-container\">\n\t\t\t\t\t<div class=\"bdt-price-table skin-default\" id=\"bdt-price-table-1a19984\">\n\t\t\t\t\t\t<div class=\"bdt-price-table-header\">\n\t\t\t\t\t\t\t\t\t<h3 class=\"bdt-price-table-heading\">\n\t\t\t\t\t\tMonthly\t\t\t\t\t<\/h3>\n\t\t\t\t\n\t\t\t\t\t\t\t\t\t<span class=\"bdt-price-table-subheading\">\n\t\t\t\t\t\tREGISTRATION ONE-OFF PAYMENT: 100\u20ac.\t\t\t\t\t<\/span>\n\t\t\t\t\t\t\t<\/div>\n\t\t\n\t\t<div class=\"bdt-price-table-price\">\n\t\t\t\t\t\t\t<span class=\"bdt-price-table-original-price elementor-typo-excluded bdt-display-block\" >\n\t\t\t\t\t&#128;125\t\t\t\t<\/span>\n\t\t\t\n\t\t\t\n\t\t\t\t\t\t\t<span class=\"bdt-price-table-integer-part\" >\n\t\t\t\t\t69\t\t\t\t<\/span>\n\t\t\t\n\t\t\t\n\t\t\t\t\t\t\t<span class=\"bdt-price-table-currency\">\n\t\t\t\t\t&#128;\t\t\t\t<\/span>\n\t\t\t\n\t\t\t\t\t\t\t<span class=\"bdt-price-table-period elementor-typo-excluded bdt-price-table-period-position-below\">per month<\/span>\t\t\t\t\t<\/div>\n\t\t\t\t\t<ul class=\"bdt-price-table-features-list  bdt-desktop bdt-tablet bdt-mobile\">\n\t\t\t\t\t\t\t\t\t<li class=\"elementor-repeater-item-904bc80\">\n\t\t\t\t\t\t<div class=\"bdt-price-table-feature-inner\">\n\t\t\t\t\t\t\t\t\t\t\t\t\t\t\t\t\t\t\t\t\t\t<div class=\"bdt-price-table-feature-text bdt-display-inline-block\">\n\t\t\t\t\t\t\t\t\t<strong>TOTAL First Month<\/strong> 169 \u20ac\t\t\t\t\t\t\t\t<\/div>\n\t\t\t\t\t\t\t\t\t\t\t\t\t<\/div>\n\t\t\t\t\t<\/li>\n\t\t\t\t\t\t\t<\/ul>\n\t\t\t\t\t<div class=\"bdt-price-table-footer\">\n\n\n\t\t\t\t\t\t\t\t<div class=\"bdt-price-table-btn-wrap\">\n\t\t\t\t\t<a class=\"bdt-price-table-button elementor-button elementor-size-md\" href=\"https:\/\/clientes.zapiplay.com\/cart.php?a=add&amp;pid=39&amp;billingcycle=Monthly&amp;addons[22]\">\n\t\t\t\t\t\tHire\t\t\t\t\t<\/a>\n\t\t\t\t<\/div>\n\t\t\t\n\t\t\t\t\t\t\t\t\t<div class=\"bdt-price-table-additional_info\">\n\t\t\t\t\t\tTo be renewed MONTHLY for \u20ac69\/month\n<p><strong>TOTAL First Month<\/strong> 169 \u20ac<\/p>\t\t\t\t\t<\/div>\n\t\t\t\t\t\t\t<\/div>\n\t\t\t\t\t<\/div>\n\t\t\t\t<\/div>\n\t\t\t\t<\/div>\n\t\t\t\t\t<\/div>\n\t\t<\/div>\n\t\t\t\t<div class=\"elementor-column elementor-col-50 elementor-top-column elementor-element elementor-element-e167a4d\" data-id=\"e167a4d\" data-element_type=\"column\">\n\t\t\t<div class=\"elementor-widget-wrap elementor-element-populated\">\n\t\t\t\t\t\t\t\t<div class=\"elementor-element elementor-element-7fc895a bdt-price-table-striped--yes elementor-widget elementor-widget-bdt-price-table\" data-id=\"7fc895a\" data-element_type=\"widget\" data-settings=\"{&quot;features_hide_on&quot;:[&quot;desktop&quot;,&quot;tablet&quot;,&quot;mobile&quot;]}\" data-widget_type=\"bdt-price-table.default\">\n\t\t\t\t<div class=\"elementor-widget-container\">\n\t\t\t\t\t<div class=\"bdt-price-table skin-default\" id=\"bdt-price-table-7fc895a\">\n\t\t\t\t\t\t<div class=\"bdt-price-table-header\">\n\t\t\t\t\t\t\t\t\t<h3 class=\"bdt-price-table-heading\">\n\t\t\t\t\t\tQuarterly\t\t\t\t\t<\/h3>\n\t\t\t\t\n\t\t\t\t\t\t\t<\/div>\n\t\t\n\t\t<div class=\"bdt-price-table-price\">\n\t\t\t\t\t\t\t<span class=\"bdt-price-table-original-price elementor-typo-excluded bdt-display-block\" >\n\t\t\t\t\t&#128;125\t\t\t\t<\/span>\n\t\t\t\n\t\t\t\n\t\t\t\t\t\t\t<span class=\"bdt-price-table-integer-part\" >\n\t\t\t\t\t69\t\t\t\t<\/span>\n\t\t\t\n\t\t\t\n\t\t\t\t\t\t\t<span class=\"bdt-price-table-currency\">\n\t\t\t\t\t&#128;\t\t\t\t<\/span>\n\t\t\t\n\t\t\t\t\t\t\t<span class=\"bdt-price-table-period elementor-typo-excluded bdt-price-table-period-position-below\">per month<\/span>\t\t\t\t\t<\/div>\n\t\t\t\t\t<ul class=\"bdt-price-table-features-list  bdt-desktop bdt-tablet bdt-mobile\">\n\t\t\t\t\t\t\t\t\t<li class=\"elementor-repeater-item-5638d0e\">\n\t\t\t\t\t\t<div class=\"bdt-price-table-feature-inner\">\n\t\t\t\t\t\t\t\t\t\t\t\t\t\t&nbsp;\t\t\t\t\t\t<\/div>\n\t\t\t\t\t<\/li>\n\t\t\t\t\t\t\t<\/ul>\n\t\t\t\t\t<div class=\"bdt-price-table-footer\">\n\n\n\t\t\t\t\t\t\t\t<div class=\"bdt-price-table-btn-wrap\">\n\t\t\t\t\t<a class=\"bdt-price-table-button elementor-button elementor-size-md\" href=\"https:\/\/clientes.zapiplay.com\/cart.php?a=add&amp;pid=39&amp;billingcycle=quarterly&amp;addons[22]\">\n\t\t\t\t\t\tHire\t\t\t\t\t<\/a>\n\t\t\t\t<\/div>\n\t\t\t\n\t\t\t\t\t\t\t\t\t<div class=\"bdt-price-table-additional_info\">\n\t\t\t\t\t\tTo be renewed MONTHLY for \u20ac69\/month\n<p><span style=\"color: #ffffff\">.<\/span><\/p>\t\t\t\t\t<\/div>\n\t\t\t\t\t\t\t<\/div>\n\t\t\t\n\t\t\t<div class=\"bdt-price-table-ribbon elementor-ribbon-justify\">\n\t\t\t\t<div class=\"bdt-price-table-ribbon-inner\">\n\t\t\t\t\tFREE REGISTRATION\t\t\t\t<\/div>\n\t\t\t<\/div>\n\t\t\t\t<\/div>\n\t\t\t\t<\/div>\n\t\t\t\t<\/div>\n\t\t\t\t\t<\/div>\n\t\t<\/div>\n\t\t\t\t\t\t\t<\/div>\n\t\t<\/section>\n\t\t\t\t\t\t\t<\/div>","protected":false},"excerpt":{"rendered":"<p>Choose your billing cycle Selected plan: Essential (Unlimited Marketing &amp; Design) No permanence Monthly All-inclusive Monthly Monthly SINGLE PAYMENT: \u20ac100 \u20ac125 69 \u20ac per month TOTAL First Month \u20ac169 \u20ac Contract Will be renewed MONTHLY for \u20ac69 \u20ac\/month TOTAL First Month \u20ac169 \u20ac125 69 \u20ac per month Contract Will be renewed... <a class=\"more-link\" href=\"https:\/\/zapiplay.com\/en\/hire-plan-essential-marketing-plan-unlimited\/\">Continue reading <span class=\"screen-reader-text\">Contract Essential Plan - Unlimited Marketing and Design<\/span><\/a><\/p>","protected":false},"author":1,"featured_media":0,"parent":0,"menu_order":0,"comment_status":"closed","ping_status":"closed","template":"elementor_header_footer","meta":{"_mi_skip_tracking":false,"footnotes":""},"acf":[],"yoast_head":"<!-- This site is optimized with the Yoast SEO plugin v21.5 - https:\/\/yoast.com\/wordpress\/plugins\/seo\/ -->\n<title>Contratar Plan Esencial - Marketing y Dise\u00f1o ilimitado | zapiplay<\/title>\n<meta name=\"description\" content=\"Elige tu ciclo de facturaci\u00f3n para tu plan de marketing y dise\u00f1o ilimitado.\" \/>\n<meta name=\"robots\" content=\"noindex, nofollow\" \/>\n<meta property=\"og:locale\" content=\"en_GB\" \/>\n<meta property=\"og:type\" content=\"article\" \/>\n<meta property=\"og:title\" content=\"Contratar Plan Esencial - Marketing y Dise\u00f1o ilimitado | zapiplay\" \/>\n<meta property=\"og:description\" content=\"Elige tu ciclo de facturaci\u00f3n para tu plan de marketing y dise\u00f1o ilimitado.\" \/>\n<meta property=\"og:url\" content=\"https:\/\/zapiplay.com\/en\/hire-plan-essential-marketing-plan-unlimited\/\" \/>\n<meta property=\"og:site_name\" content=\"Zapiplay\" \/>\n<meta property=\"article:modified_time\" content=\"2023-03-24T12:28:07+00:00\" \/>\n<meta name=\"twitter:card\" content=\"summary_large_image\" \/>\n<meta name=\"twitter:label1\" content=\"Estimated reading time\" \/>\n\t<meta name=\"twitter:data1\" content=\"1 minute\" \/>\n<script type=\"application\/ld+json\" class=\"yoast-schema-graph\">{\"@context\":\"https:\/\/schema.org\",\"@graph\":[{\"@type\":\"WebPage\",\"@id\":\"https:\/\/zapiplay.com\/contratar-plan-esencial-marketing-diseno-ilimitado\/\",\"url\":\"https:\/\/zapiplay.com\/contratar-plan-esencial-marketing-diseno-ilimitado\/\",\"name\":\"Contratar Plan Esencial - Marketing y Dise\u00f1o ilimitado | zapiplay\",\"isPartOf\":{\"@id\":\"https:\/\/zapiplay.com\/#website\"},\"datePublished\":\"2021-11-09T21:08:45+00:00\",\"dateModified\":\"2023-03-24T12:28:07+00:00\",\"description\":\"Elige tu ciclo de facturaci\u00f3n para tu plan de marketing y dise\u00f1o ilimitado.\",\"breadcrumb\":{\"@id\":\"https:\/\/zapiplay.com\/contratar-plan-esencial-marketing-diseno-ilimitado\/#breadcrumb\"},\"inLanguage\":\"en-GB\",\"potentialAction\":[{\"@type\":\"ReadAction\",\"target\":[\"https:\/\/zapiplay.com\/contratar-plan-esencial-marketing-diseno-ilimitado\/\"]}]},{\"@type\":\"BreadcrumbList\",\"@id\":\"https:\/\/zapiplay.com\/contratar-plan-esencial-marketing-diseno-ilimitado\/#breadcrumb\",\"itemListElement\":[{\"@type\":\"ListItem\",\"position\":1,\"name\":\"Portada\",\"item\":\"https:\/\/zapiplay.com\/\"},{\"@type\":\"ListItem\",\"position\":2,\"name\":\"Contratar Plan Esencial &#8211; Marketing y Dise\u00f1o ilimitado\"}]},{\"@type\":\"WebSite\",\"@id\":\"https:\/\/zapiplay.com\/#website\",\"url\":\"https:\/\/zapiplay.com\/\",\"name\":\"Zapiplay.com\",\"description\":\"\",\"publisher\":{\"@id\":\"https:\/\/zapiplay.com\/#organization\"},\"potentialAction\":[{\"@type\":\"SearchAction\",\"target\":{\"@type\":\"EntryPoint\",\"urlTemplate\":\"https:\/\/zapiplay.com\/?s={search_term_string}\"},\"query-input\":\"required name=search_term_string\"}],\"inLanguage\":\"en-GB\"},{\"@type\":\"Organization\",\"@id\":\"https:\/\/zapiplay.com\/#organization\",\"name\":\"Zapiplay.com\",\"url\":\"https:\/\/zapiplay.com\/\",\"logo\":{\"@type\":\"ImageObject\",\"inLanguage\":\"en-GB\",\"@id\":\"https:\/\/zapiplay.com\/#\/schema\/logo\/image\/\",\"url\":\"https:\/\/zapiplay.com\/wp-content\/uploads\/2021\/01\/Group-157.svg\",\"contentUrl\":\"https:\/\/zapiplay.com\/wp-content\/uploads\/2021\/01\/Group-157.svg\",\"width\":1,\"height\":1,\"caption\":\"Zapiplay.com\"},\"image\":{\"@id\":\"https:\/\/zapiplay.com\/#\/schema\/logo\/image\/\"}}]}<\/script>\n<!-- \/ Yoast SEO plugin. -->","yoast_head_json":{"title":"Contratar Plan Esencial - Marketing y Dise\u00f1o ilimitado | zapiplay","description":"Elige tu ciclo de facturaci\u00f3n para tu plan de marketing y dise\u00f1o ilimitado.","robots":{"index":"noindex","follow":"nofollow"},"og_locale":"en_GB","og_type":"article","og_title":"Contratar Plan Esencial - Marketing y Dise\u00f1o ilimitado | zapiplay","og_description":"Elige tu ciclo de facturaci\u00f3n para tu plan de marketing y dise\u00f1o ilimitado.","og_url":"https:\/\/zapiplay.com\/en\/hire-plan-essential-marketing-plan-unlimited\/","og_site_name":"Zapiplay","article_modified_time":"2023-03-24T12:28:07+00:00","twitter_card":"summary_large_image","twitter_misc":{"Estimated reading time":"1 minute"},"schema":{"@context":"https:\/\/schema.org","@graph":[{"@type":"WebPage","@id":"https:\/\/zapiplay.com\/contratar-plan-esencial-marketing-diseno-ilimitado\/","url":"https:\/\/zapiplay.com\/contratar-plan-esencial-marketing-diseno-ilimitado\/","name":"Contratar Plan Esencial - Marketing y Dise\u00f1o ilimitado | zapiplay","isPartOf":{"@id":"https:\/\/zapiplay.com\/#website"},"datePublished":"2021-11-09T21:08:45+00:00","dateModified":"2023-03-24T12:28:07+00:00","description":"Elige tu ciclo de facturaci\u00f3n para tu plan de marketing y dise\u00f1o ilimitado.","breadcrumb":{"@id":"https:\/\/zapiplay.com\/contratar-plan-esencial-marketing-diseno-ilimitado\/#breadcrumb"},"inLanguage":"en-GB","potentialAction":[{"@type":"ReadAction","target":["https:\/\/zapiplay.com\/contratar-plan-esencial-marketing-diseno-ilimitado\/"]}]},{"@type":"BreadcrumbList","@id":"https:\/\/zapiplay.com\/contratar-plan-esencial-marketing-diseno-ilimitado\/#breadcrumb","itemListElement":[{"@type":"ListItem","position":1,"name":"Portada","item":"https:\/\/zapiplay.com\/"},{"@type":"ListItem","position":2,"name":"Contratar Plan Esencial &#8211; Marketing y Dise\u00f1o ilimitado"}]},{"@type":"WebSite","@id":"https:\/\/zapiplay.com\/#website","url":"https:\/\/zapiplay.com\/","name":"Zapiplay.com","description":"","publisher":{"@id":"https:\/\/zapiplay.com\/#organization"},"potentialAction":[{"@type":"SearchAction","target":{"@type":"EntryPoint","urlTemplate":"https:\/\/zapiplay.com\/?s={search_term_string}"},"query-input":"required name=search_term_string"}],"inLanguage":"en-GB"},{"@type":"Organization","@id":"https:\/\/zapiplay.com\/#organization","name":"Zapiplay.com","url":"https:\/\/zapiplay.com\/","logo":{"@type":"ImageObject","inLanguage":"en-GB","@id":"https:\/\/zapiplay.com\/#\/schema\/logo\/image\/","url":"https:\/\/zapiplay.com\/wp-content\/uploads\/2021\/01\/Group-157.svg","contentUrl":"https:\/\/zapiplay.com\/wp-content\/uploads\/2021\/01\/Group-157.svg","width":1,"height":1,"caption":"Zapiplay.com"},"image":{"@id":"https:\/\/zapiplay.com\/#\/schema\/logo\/image\/"}}]}},"_links":{"self":[{"href":"https:\/\/zapiplay.com\/en\/wp-json\/wp\/v2\/pages\/10664"}],"collection":[{"href":"https:\/\/zapiplay.com\/en\/wp-json\/wp\/v2\/pages"}],"about":[{"href":"https:\/\/zapiplay.com\/en\/wp-json\/wp\/v2\/types\/page"}],"author":[{"embeddable":true,"href":"https:\/\/zapiplay.com\/en\/wp-json\/wp\/v2\/users\/1"}],"replies":[{"embeddable":true,"href":"https:\/\/zapiplay.com\/en\/wp-json\/wp\/v2\/comments?post=10664"}],"version-history":[{"count":3,"href":"https:\/\/zapiplay.com\/en\/wp-json\/wp\/v2\/pages\/10664\/revisions"}],"predecessor-version":[{"id":13118,"href":"https:\/\/zapiplay.com\/en\/wp-json\/wp\/v2\/pages\/10664\/revisions\/13118"}],"wp:attachment":[{"href":"https:\/\/zapiplay.com\/en\/wp-json\/wp\/v2\/media?parent=10664"}],"curies":[{"name":"wp","href":"https:\/\/api.w.org\/{rel}","templated":true}]}}